{"id":1167,"date":"2016-04-20T17:43:47","date_gmt":"2016-04-20T15:43:47","guid":{"rendered":"https:\/\/www.bodecall.com\/blog\/?page_id=1167"},"modified":"2016-04-20T17:44:32","modified_gmt":"2016-04-20T15:44:32","slug":"bases-concurso-cervecine","status":"publish","type":"page","link":"https:\/\/www.bodecall.com\/blog\/bases-concurso-cervecine\/","title":{"rendered":"Bases concurso Cervecine"},"content":{"rendered":"<div id=\"ez-toc-container\" class=\"ez-toc-v2_0_80 counter-hierarchy ez-toc-counter ez-toc-light-blue ez-toc-container-direction\">\n<div class=\"ez-toc-title-container\">\n<p class=\"ez-toc-title\" style=\"cursor:inherit\">\u00cdndice<\/p>\n<span class=\"ez-toc-title-toggle\"><a href=\"#\" class=\"ez-toc-pull-right ez-toc-btn ez-toc-btn-xs ez-toc-btn-default ez-toc-toggle\" aria-label=\"Alternar tabla de contenidos\"><span class=\"ez-toc-js-icon-con\"><span class=\"\"><span class=\"eztoc-hide\" style=\"display:none;\">Toggle<\/span><span class=\"ez-toc-icon-toggle-span\"><svg style=\"fill: #999;color:#999\" xmlns=\"http:\/\/www.w3.org\/2000\/svg\" class=\"list-377408\" width=\"20px\" height=\"20px\" viewBox=\"0 0 24 24\" fill=\"none\"><path d=\"M6 6H4v2h2V6zm14 0H8v2h12V6zM4 11h2v2H4v-2zm16 0H8v2h12v-2zM4 16h2v2H4v-2zm16 0H8v2h12v-2z\" fill=\"currentColor\"><\/path><\/svg><svg style=\"fill: #999;color:#999\" class=\"arrow-unsorted-368013\" xmlns=\"http:\/\/www.w3.org\/2000\/svg\" width=\"10px\" height=\"10px\" viewBox=\"0 0 24 24\" version=\"1.2\" baseProfile=\"tiny\"><path d=\"M18.2 9.3l-6.2-6.3-6.2 6.3c-.2.2-.3.4-.3.7s.1.5.3.7c.2.2.4.3.7.3h11c.3 0 .5-.1.7-.3.2-.2.3-.5.3-.7s-.1-.5-.3-.7zM5.8 14.7l6.2 6.3 6.2-6.3c.2-.2.3-.5.3-.7s-.1-.5-.3-.7c-.2-.2-.4-.3-.7-.3h-11c-.3 0-.5.1-.7.3-.2.2-.3.5-.3.7s.1.5.3.7z\"\/><\/svg><\/span><\/span><\/span><\/a><\/span><\/div>\n<nav><ul class='ez-toc-list ez-toc-list-level-1 ' ><li class='ez-toc-page-1 ez-toc-heading-level-4'><a class=\"ez-toc-link ez-toc-heading-1\" href=\"https:\/\/www.bodecall.com\/blog\/bases-concurso-cervecine\/#8-_Responsabilidad_de_la_empresa\" >8.- Responsabilidad de la empresa<\/a><\/li><li class='ez-toc-page-1 ez-toc-heading-level-4'><a class=\"ez-toc-link ez-toc-heading-2\" href=\"https:\/\/www.bodecall.com\/blog\/bases-concurso-cervecine\/#9-_Tratamiento_de_los_datos_personales\" >9.- Tratamiento de los datos personales.<\/a><\/li><li class='ez-toc-page-1 ez-toc-heading-level-4'><a class=\"ez-toc-link ez-toc-heading-3\" href=\"https:\/\/www.bodecall.com\/blog\/bases-concurso-cervecine\/#10-_Ley_aplicable\" >10.- Ley aplicable.<\/a><\/li><\/ul><\/nav><\/div>\n<p><strong>Bases del concurso Cervecine:<br \/>\n<\/strong><\/p>\n<p>&nbsp;<\/p>\n<p><strong>1.- Compa\u00f1\u00eda organizadora.<\/strong><\/p>\n<p>La empresa Bodecall, con domicilio social en Calle Decano Olmo y Ayala 1, 29140 M\u00e1laga, organiza un CONCURSO denominado <strong>Cervecine<\/strong>, con el que se pretende fomentar la creatividad de los ciudadanos de M\u00e1laga en el entorno del Festival de Cine Espa\u00f1ol de M\u00e1laga, as\u00ed como difundir su actividad comercial en las redes sociales y ampliar su n\u00famero de seguidores<strong>.<\/strong><strong><br \/>\n<\/strong><\/p>\n<p><strong>2.- Desvinculaci\u00f3n con respecto a Facebook y Twitter.<br \/>\n<\/strong><\/p>\n<p>Facebook y Twitter no patrocinan, avalan ni administran de modo alguno esta promoci\u00f3n, ni est\u00e1n asociados a ella. El usuario se desvincula totalmente de Facebook y Twitter, y es consciente de que est\u00e1 proporcionando su informaci\u00f3n a Bodecall y no a Facebook o Twitter.\u00a0La informaci\u00f3n que proporcione se utilizar\u00e1 para gestionar la participaci\u00f3n del concursante y comunicarle el premio. Podr\u00e1n adem\u00e1s usarse con motivos comerciales, para informar al usuario participante de productos y promociones de la empresa.<\/p>\n<p><strong>3.- Objeto y mec\u00e1nica del concurso.<\/strong><\/p>\n<p>El concurso (a partir de ahora nos referiremos a \u00e9l como \u00abCervecine\u00bb) consiste en la creaci\u00f3n de t\u00edtulos nuevos de pel\u00edculas de cine, de forma que se utilizar\u00e1n nombres de largometrajes ya existentes y se modificar\u00e1n para que incluyan la palabra \u00abcerveza\u00bb.<\/p>\n<p>La participaci\u00f3n en dicho concurso ser\u00e1 voluntaria y gratuita<strong>.<\/strong><strong><br \/>\n<\/strong><\/p>\n<p>Se puede participar tanto mediante la red social Facebook, siguiendo la p\u00e1gina de Bodecall, compartiendo la publicaci\u00f3n en la que se anuncia el concurso y dejando un comentario en la publicaci\u00f3n del consurso que se encuentra en la p\u00e1gina oficial de Bodecall; as\u00ed como en Twitter, donde deber\u00e1 seguirse la cuenta de Twitter de Bodecall, retwittear el tweet en el que se anuncia el concurso y twitteando la propuesta de t\u00edtulo incluyendo los hashtags #CerveCine, #19FestivalMalaga y mencionando a @bodecall_.<\/p>\n<p>Los t\u00edtulos deber\u00e1n ser originales de cada participante. En caso de recibir varias propuestas iguales, \u00fanicamente tendremos en cuenta la que se enviara en primer lugar. Cada concursante podr\u00e1 participar con tantas propuestas como desee, siempre que se cumplan los requisitos estipulados en las presentes bases.<\/p>\n<p>Se eliminar\u00e1n las participaciones inadecuadas, que sean racistas, sexistas o infamatorias de cualquier modo. Tambi\u00e9n aquellas que atenten contra la dignidad de cualquier persona, sin importar su raza, sexo, edad, etc.<\/p>\n<p>El ganador del concurso se obtendr\u00e1 mediante recuento y puntuaci\u00f3n de su repercusi\u00f3n online en las distintas redes sociales, de forma que cada Me gusta en Facebook y cada Retweet en Twitter valdr\u00e1 un punto.<\/p>\n<p>En el caso en el que un mismo participante desee utilizar ambas redes para una misma propuesta se sumar\u00e1n los puntos obtenidos en ambas, siempre y cuando quede perfectamente claro que se trata de la misma persona, de la forma que se crea conveniente. Bodecall se reserva el derecho a la validaci\u00f3n o no de estas participaciones dobles.<\/p>\n<p>La participaci\u00f3n en Cervecine supone la cesi\u00f3n y autorizaci\u00f3n expresa de todos los derechos de propiedad intelectual y de imagen sobre las participaciones, de forma que el participante cede a Bodecall los derechos de explotaci\u00f3n de naturaleza intelectual, industrial y\/o de imagen que pudieran corresponderle o derivar de las participaciones enviadas para participar en el Concurso.<\/p>\n<p><strong>4.- Duraci\u00f3n y \u00c1mbito<\/strong><\/p>\n<p>La fecha de comienzo del concurso ser\u00e1 a partir de la publicaci\u00f3n del post del blog en el que se explica el concurso y de las im\u00e1genes promocionales en las distintas redes sociales; y finalizar\u00e1 el jueves 28 de abril a medianoche. No se tendr\u00e1n en cuenta las participaciones ni los votos que se reciban a partir de esa fecha.<\/p>\n<p><strong>5.-Requisitos para participar<\/strong><\/p>\n<p>Podr\u00e1n participar en la Promoci\u00f3n:<\/p>\n<p>\u2013 \u00a0todas las personas f\u00edsicas <b>mayores de 18 a\u00f1os<\/b> que residan o tengan alguna vinculaci\u00f3n con <strong>M\u00e1laga<\/strong>, que sean fans de la p\u00e1gina oficial de <strong>Facebook<\/strong> de Bodecall<b><i> <\/i><\/b>y que cuenten con un perfil de usuario real en Facebook. Asimismo, tambi\u00e9n podr\u00e1n presentarse al concurso todas aquellas personas f\u00edsicas mayores de 18 a\u00f1os residentes o con alguna vinculaci\u00f3n con M\u00e1laga que sean seguidoras del perfil oficial de <strong>Twitter<\/strong> de Bodecall y que cuenten con un perfil de usuario real en esta red social.<\/p>\n<p>\u2013\u00a0 \u00fanicamente se tendr\u00e1n en cuenta las participaciones que cumplan los requisitos estipulados en el punto 3 de las presentes bases legales.<\/p>\n<p>No podr\u00e1n participar:<\/p>\n<p>\u2013\u00a0 perfiles fraudulentos o falsos, o aquellos que persigan fines lucrativos mediante la participaci\u00f3n en este concurso.<\/p>\n<p><strong>6.- Selecci\u00f3n del ganador\/ ganadores, suplentes, comunicaci\u00f3n y entrega<\/strong><\/p>\n<p>La propuesta ganadora del concurso ser\u00e1 aquella que reciba una mayor valoraci\u00f3n, valor\u00e1ndose su repercusi\u00f3n en redes sociales con respecto a lo especificado en el punto 3 de estas bases legales. En caso de empate entre varias propuestas, se realizar\u00e1 un sorteo entre los usuarios empatados, resultando ganador el que se obtenga de dicho sorteo. La realizaci\u00f3n del sorteo se celebrar\u00e1 mediante la aplicaci\u00f3n aleatoria <a href=\"http:\/\/www.alazar.info\/generador-de-sorteos\" target=\"_blank\">alazar<\/a>, de forma que se garantiza la igualdad entre los participantes empatados. El sorteo ser\u00e1 grabado para mayor seguridad.<\/p>\n<p>El ganador se anunciar\u00e1 en la p\u00e1gina web de Bodecall, inform\u00e1ndose de esta resoluci\u00f3n tanto en la p\u00e1gina de Bodecall en Facebook como en el perfil de Twitter de Bodecall.<\/p>\n<p>Si no se logra contactar con el ganador en un plazo de 3 d\u00edas desde el primer intento de contacto, o \u00e9ste renunciase al premio, se proceder\u00e1 a seleccionar como ganador a la siguiente propuesta mejor valorada, perdiendo el anterior ganador su derecho a reclamar el premio. Si tampoco se logra contactar en el plazo de 3 d\u00edas con este segundo clasificado, el premio se declarar\u00e1 desierto.<\/p>\n<p>El ganador podr\u00e1 recoger su caja de cerveza Brewdog Punk IPA en la direcci\u00f3n f\u00edsica que le indiquemos en el momento de contacto y que se encontrar\u00e1 en M\u00e1laga. En el momento de la entrega, al ganador se le har\u00e1 una fotograf\u00eda con su premio, que posteriormente ser\u00e1 difundida en los perfiles de redes sociales de los que cuenta la empresa (Facebook, Twitter, Pinterest, Instagram y Google Plus).<span style=\"color: #ff0000;\"><br \/>\n<\/span><\/p>\n<p><strong>7.- Premios\u00a0<\/strong><\/p>\n<p>El premio consistir\u00e1 en una caja de cerveza Brewdog Punk IPA, que contiene 24 botellines de cerveza de 33cl. Esta caja se recoger\u00e1 en la direcci\u00f3n que se le indique al ganador en el momento en el que contactemos con \u00e9l, y que se encontrar\u00e1 en M\u00e1laga. En ning\u00fan caso se realizar\u00e1 el env\u00edo del premio a otra direcci\u00f3n f\u00edsica.<\/p>\n<p>Este premio no podr\u00e1 canjearse por dinero ni intercambiarse o venderse con \u00e1nimos lucrativos a otros usuarios.<\/p>\n<h4><span class=\"ez-toc-section\" id=\"8-_Responsabilidad_de_la_empresa\"><\/span>8.- Responsabilidad de la empresa<span class=\"ez-toc-section-end\"><\/span><\/h4>\n<p>La empresa organizadora se reserva el derecho de acortar, prorrogar, modificar o cancelar este concurso si as\u00ed lo estimase conveniente o si ocurriesen supuestos especiales en lo que se impide la realizaci\u00f3n del mismo, o concurrieran circunstancias excepcionales que impidieran su realizaci\u00f3n. Bodecall se reserva el derecho a efectuar cambios que redunden en el buen fin del concurso cuando concurra causa justa o motivos de fuerza mayor que impidan llevarla a t\u00e9rmino en la forma en que recogen las presentes bases, as\u00ed como de la reinterpretaci\u00f3n de las presentes bases.<\/p>\n<p>Igualmente, Bodecall se reservar\u00e1 el derecho de eliminar las fotos o comentarios que no se adecuen a su filosof\u00eda de empresa o que se consideren ofensivas para otros internautas.<\/p>\n<p>No se responsabilizar\u00e1 por las afirmaciones que hagan a trav\u00e9s de la red social terceras personas, pudiendo llevar a cabo las actuaciones judiciales que crea pertinentes contra las mismas.<\/p>\n<p>Tampoco se responsabiliza de los da\u00f1os o perjuicios que pudieran ocurrir cuando el ganador disfrute del premio, ni de las posibles p\u00e9rdidas, deterioros, robos o cualquier otra circunstancia imputable que pueda afectar a la recogida del premio.<\/p>\n<p>Se entender\u00e1, a t\u00edtulo enunciativo pero no limitativo, que se produce fraude, cuando se detectan todos aquellos comportamientos que puedan resultar aparentemente abusivos y\/o malintencionados.<\/p>\n<p>La constataci\u00f3n de cualquiera de estas circunstancias durante el concurso supondr\u00e1 la descalificaci\u00f3n autom\u00e1tica del concurso as\u00ed como la p\u00e9rdida del premio si se le hubiere otorgado.<\/p>\n<p>Bodecall queda eximida de cualquier responsabilidad en el supuesto de existir alg\u00fan error en los datos facilitados por los propios agraciados que impidiera su identificaci\u00f3n.<\/p>\n<p>Bodecall se reserva el derecho de emprender acciones judiciales contra aquellas personas que realicen cualquier tipo de acto susceptible de ser considerado manipulaci\u00f3n o falsificaci\u00f3n del concurso.<\/p>\n<p>Bodecall excluye cualquier responsabilidad por da\u00f1os y perjuicios de toda naturaleza que puedan deberse a la falta temporal de disponibilidad o de continuidad del funcionamiento de los servicios mediante los que se participa en la promoci\u00f3n, a la defraudaci\u00f3n de la utilidad que los usuarios hubieren podido atribuir a los mismos, y en particular, aunque no de modo exclusivo, a los fallos en el acceso a las distintas p\u00e1ginas y env\u00edos de respuestas de participaci\u00f3n a trav\u00e9s de Internet.<\/p>\n<h4><span class=\"ez-toc-section\" id=\"9-_Tratamiento_de_los_datos_personales\"><\/span>9.- Tratamiento de los datos personales.<span class=\"ez-toc-section-end\"><\/span><\/h4>\n<p>Los datos personales facilitados ser\u00e1n incorporados a un fichero automatizado, propiedad de Bodecall. El tratamiento de los mismos se realizar\u00e1 de conformidad con lo establecido en la Ley Org\u00e1nica 15\/1999 de 13 de diciembre de Protecci\u00f3n de Datos de Car\u00e1cter Personal y en la Ley 34\/2002 de 11 de julio de Servicios de la Sociedad de la Informaci\u00f3n y Comercio Electr\u00f3nico.<\/p>\n<p>Bodecall se reserva el derecho de informar a los participantes de las promociones y acciones comerciales que la empresa lleve a cabo posteriormente por cualquier medio.<\/p>\n<h4><span class=\"ez-toc-section\" id=\"10-_Ley_aplicable\"><\/span>10.- Ley aplicable.<span class=\"ez-toc-section-end\"><\/span><\/h4>\n<p>Para todo lo que no se especifica en estas bases legales del concurso en Facebook y Twitter, la promoci\u00f3n se someter\u00e1 a la normativa espa\u00f1ola que est\u00e9 en vigor en ese momento.<\/p>\n<p>En caso de litigio resolver\u00e1n la contienda los Juzgados y Tribunales de M\u00e1laga, sin perjuicio del fuero que pudiera corresponder seg\u00fan la normativa aplicable.<\/p>\n<p><strong>11.- Aceptaci\u00f3n de las bases.<\/strong><\/p>\n<p>La simple participaci\u00f3n en el concurso implica la aceptaci\u00f3n de las presentes Bases, por lo que la manifestaci\u00f3n en el sentido de no aceptaci\u00f3n de la totalidad o parte de las mismas implicar\u00e1 la exclusi\u00f3n del participante y como consecuencia de ello, Bodecall quedar\u00e1 liberada del cumplimiento de la obligaci\u00f3n contra\u00edda con dicho participante.<\/p>\n","protected":false},"excerpt":{"rendered":"<p>Bases del concurso Cervecine: &nbsp; 1.- Compa\u00f1\u00eda organizadora. La empresa Bodecall, con domicilio social en Calle Decano Olmo y Ayala<\/p>\n","protected":false},"author":1,"featured_media":0,"parent":0,"menu_order":0,"comment_status":"closed","ping_status":"closed","template":"","meta":{"_acf_changed":false,"footnotes":""},"class_list":["post-1167","page","type-page","status-publish","hentry"],"acf":[],"yoast_head":"<!-- This site is optimized with the Yoast SEO plugin v26.8 - https:\/\/yoast.com\/product\/yoast-seo-wordpress\/ -->\n<title>Bases concurso Cervecine - Blog de cerveza artesana y de importaci\u00f3n<\/title>\n<meta name=\"robots\" content=\"index, follow, max-snippet:-1, max-image-preview:large, max-video-preview:-1\" \/>\n<link rel=\"canonical\" href=\"https:\/\/www.bodecall.com\/blog\/bases-concurso-cervecine\/\" \/>\n<meta property=\"og:locale\" content=\"es_ES\" \/>\n<meta property=\"og:type\" content=\"article\" \/>\n<meta property=\"og:title\" content=\"Bases concurso Cervecine - Blog de cerveza artesana y de importaci\u00f3n\" \/>\n<meta property=\"og:description\" content=\"Bases del concurso Cervecine: &nbsp; 1.- Compa\u00f1\u00eda organizadora. La empresa Bodecall, con domicilio social en Calle Decano Olmo y Ayala\" \/>\n<meta property=\"og:url\" content=\"https:\/\/www.bodecall.com\/blog\/bases-concurso-cervecine\/\" \/>\n<meta property=\"og:site_name\" content=\"Blog de cerveza artesana y de importaci\u00f3n\" \/>\n<meta property=\"article:modified_time\" content=\"2016-04-20T15:44:32+00:00\" \/>\n<meta name=\"twitter:card\" content=\"summary_large_image\" \/>\n<meta name=\"twitter:label1\" content=\"Tiempo de lectura\" \/>\n\t<meta name=\"twitter:data1\" content=\"9 minutos\" \/>\n<script type=\"application\/ld+json\" class=\"yoast-schema-graph\">{\"@context\":\"https:\/\/schema.org\",\"@graph\":[{\"@type\":\"WebPage\",\"@id\":\"https:\/\/www.bodecall.com\/blog\/bases-concurso-cervecine\/\",\"url\":\"https:\/\/www.bodecall.com\/blog\/bases-concurso-cervecine\/\",\"name\":\"Bases concurso Cervecine - Blog de cerveza artesana y de importaci\u00f3n\",\"isPartOf\":{\"@id\":\"https:\/\/www.bodecall.com\/blog\/#website\"},\"datePublished\":\"2016-04-20T15:43:47+00:00\",\"dateModified\":\"2016-04-20T15:44:32+00:00\",\"breadcrumb\":{\"@id\":\"https:\/\/www.bodecall.com\/blog\/bases-concurso-cervecine\/#breadcrumb\"},\"inLanguage\":\"es\",\"potentialAction\":[{\"@type\":\"ReadAction\",\"target\":[\"https:\/\/www.bodecall.com\/blog\/bases-concurso-cervecine\/\"]}]},{\"@type\":\"BreadcrumbList\",\"@id\":\"https:\/\/www.bodecall.com\/blog\/bases-concurso-cervecine\/#breadcrumb\",\"itemListElement\":[{\"@type\":\"ListItem\",\"position\":1,\"name\":\"Portada\",\"item\":\"https:\/\/www.bodecall.com\/blog\/\"},{\"@type\":\"ListItem\",\"position\":2,\"name\":\"Bases concurso Cervecine\"}]},{\"@type\":\"WebSite\",\"@id\":\"https:\/\/www.bodecall.com\/blog\/#website\",\"url\":\"https:\/\/www.bodecall.com\/blog\/\",\"name\":\"Blog de cerveza artesana y de importaci\u00f3n\",\"description\":\"Explora el universo de la cerveza con noticias, novedades, curiosidades y gu\u00edas en el blog de cerveza de Bodecall\",\"publisher\":{\"@id\":\"https:\/\/www.bodecall.com\/blog\/#organization\"},\"potentialAction\":[{\"@type\":\"SearchAction\",\"target\":{\"@type\":\"EntryPoint\",\"urlTemplate\":\"https:\/\/www.bodecall.com\/blog\/?s={search_term_string}\"},\"query-input\":{\"@type\":\"PropertyValueSpecification\",\"valueRequired\":true,\"valueName\":\"search_term_string\"}}],\"inLanguage\":\"es\"},{\"@type\":\"Organization\",\"@id\":\"https:\/\/www.bodecall.com\/blog\/#organization\",\"name\":\"Blog de cerveza artesana y de importaci\u00f3n\",\"url\":\"https:\/\/www.bodecall.com\/blog\/\",\"logo\":{\"@type\":\"ImageObject\",\"inLanguage\":\"es\",\"@id\":\"https:\/\/www.bodecall.com\/blog\/#\/schema\/logo\/image\/\",\"url\":\"https:\/\/www.bodecall.com\/blog\/wp-content\/uploads\/2020\/11\/logo-bodecall-blog.jpg\",\"contentUrl\":\"https:\/\/www.bodecall.com\/blog\/wp-content\/uploads\/2020\/11\/logo-bodecall-blog.jpg\",\"width\":200,\"height\":53,\"caption\":\"Blog de cerveza artesana y de importaci\u00f3n\"},\"image\":{\"@id\":\"https:\/\/www.bodecall.com\/blog\/#\/schema\/logo\/image\/\"}}]}<\/script>\n<!-- \/ Yoast SEO plugin. -->","yoast_head_json":{"title":"Bases concurso Cervecine - Blog de cerveza artesana y de importaci\u00f3n","robots":{"index":"index","follow":"follow","max-snippet":"max-snippet:-1","max-image-preview":"max-image-preview:large","max-video-preview":"max-video-preview:-1"},"canonical":"https:\/\/www.bodecall.com\/blog\/bases-concurso-cervecine\/","og_locale":"es_ES","og_type":"article","og_title":"Bases concurso Cervecine - Blog de cerveza artesana y de importaci\u00f3n","og_description":"Bases del concurso Cervecine: &nbsp; 1.- Compa\u00f1\u00eda organizadora. La empresa Bodecall, con domicilio social en Calle Decano Olmo y Ayala","og_url":"https:\/\/www.bodecall.com\/blog\/bases-concurso-cervecine\/","og_site_name":"Blog de cerveza artesana y de importaci\u00f3n","article_modified_time":"2016-04-20T15:44:32+00:00","twitter_card":"summary_large_image","twitter_misc":{"Tiempo de lectura":"9 minutos"},"schema":{"@context":"https:\/\/schema.org","@graph":[{"@type":"WebPage","@id":"https:\/\/www.bodecall.com\/blog\/bases-concurso-cervecine\/","url":"https:\/\/www.bodecall.com\/blog\/bases-concurso-cervecine\/","name":"Bases concurso Cervecine - Blog de cerveza artesana y de importaci\u00f3n","isPartOf":{"@id":"https:\/\/www.bodecall.com\/blog\/#website"},"datePublished":"2016-04-20T15:43:47+00:00","dateModified":"2016-04-20T15:44:32+00:00","breadcrumb":{"@id":"https:\/\/www.bodecall.com\/blog\/bases-concurso-cervecine\/#breadcrumb"},"inLanguage":"es","potentialAction":[{"@type":"ReadAction","target":["https:\/\/www.bodecall.com\/blog\/bases-concurso-cervecine\/"]}]},{"@type":"BreadcrumbList","@id":"https:\/\/www.bodecall.com\/blog\/bases-concurso-cervecine\/#breadcrumb","itemListElement":[{"@type":"ListItem","position":1,"name":"Portada","item":"https:\/\/www.bodecall.com\/blog\/"},{"@type":"ListItem","position":2,"name":"Bases concurso Cervecine"}]},{"@type":"WebSite","@id":"https:\/\/www.bodecall.com\/blog\/#website","url":"https:\/\/www.bodecall.com\/blog\/","name":"Blog de cerveza artesana y de importaci\u00f3n","description":"Explora el universo de la cerveza con noticias, novedades, curiosidades y gu\u00edas en el blog de cerveza de Bodecall","publisher":{"@id":"https:\/\/www.bodecall.com\/blog\/#organization"},"potentialAction":[{"@type":"SearchAction","target":{"@type":"EntryPoint","urlTemplate":"https:\/\/www.bodecall.com\/blog\/?s={search_term_string}"},"query-input":{"@type":"PropertyValueSpecification","valueRequired":true,"valueName":"search_term_string"}}],"inLanguage":"es"},{"@type":"Organization","@id":"https:\/\/www.bodecall.com\/blog\/#organization","name":"Blog de cerveza artesana y de importaci\u00f3n","url":"https:\/\/www.bodecall.com\/blog\/","logo":{"@type":"ImageObject","inLanguage":"es","@id":"https:\/\/www.bodecall.com\/blog\/#\/schema\/logo\/image\/","url":"https:\/\/www.bodecall.com\/blog\/wp-content\/uploads\/2020\/11\/logo-bodecall-blog.jpg","contentUrl":"https:\/\/www.bodecall.com\/blog\/wp-content\/uploads\/2020\/11\/logo-bodecall-blog.jpg","width":200,"height":53,"caption":"Blog de cerveza artesana y de importaci\u00f3n"},"image":{"@id":"https:\/\/www.bodecall.com\/blog\/#\/schema\/logo\/image\/"}}]}},"_links":{"self":[{"href":"https:\/\/www.bodecall.com\/blog\/wp-json\/wp\/v2\/pages\/1167","targetHints":{"allow":["GET"]}}],"collection":[{"href":"https:\/\/www.bodecall.com\/blog\/wp-json\/wp\/v2\/pages"}],"about":[{"href":"https:\/\/www.bodecall.com\/blog\/wp-json\/wp\/v2\/types\/page"}],"author":[{"embeddable":true,"href":"https:\/\/www.bodecall.com\/blog\/wp-json\/wp\/v2\/users\/1"}],"replies":[{"embeddable":true,"href":"https:\/\/www.bodecall.com\/blog\/wp-json\/wp\/v2\/comments?post=1167"}],"version-history":[{"count":3,"href":"https:\/\/www.bodecall.com\/blog\/wp-json\/wp\/v2\/pages\/1167\/revisions"}],"predecessor-version":[{"id":1170,"href":"https:\/\/www.bodecall.com\/blog\/wp-json\/wp\/v2\/pages\/1167\/revisions\/1170"}],"wp:attachment":[{"href":"https:\/\/www.bodecall.com\/blog\/wp-json\/wp\/v2\/media?parent=1167"}],"curies":[{"name":"wp","href":"https:\/\/api.w.org\/{rel}","templated":true}]}}