{"id":4278,"date":"2021-11-26T12:40:26","date_gmt":"2021-11-26T11:40:26","guid":{"rendered":"https:\/\/www.bodecall.com\/blog\/?page_id=4278"},"modified":"2022-05-20T09:55:37","modified_gmt":"2022-05-20T07:55:37","slug":"alquiler-de-grifos-de-cerveza","status":"publish","type":"page","link":"https:\/\/www.bodecall.com\/blog\/alquiler-de-grifos-de-cerveza\/","title":{"rendered":"Alquiler de grifos de cerveza"},"content":{"rendered":"<div id=\"ez-toc-container\" class=\"ez-toc-v2_0_80 counter-hierarchy ez-toc-counter ez-toc-light-blue ez-toc-container-direction\">\n<div class=\"ez-toc-title-container\">\n<p class=\"ez-toc-title\" style=\"cursor:inherit\">\u00cdndice<\/p>\n<span class=\"ez-toc-title-toggle\"><a href=\"#\" class=\"ez-toc-pull-right ez-toc-btn ez-toc-btn-xs ez-toc-btn-default ez-toc-toggle\" aria-label=\"Alternar tabla de contenidos\"><span class=\"ez-toc-js-icon-con\"><span class=\"\"><span class=\"eztoc-hide\" style=\"display:none;\">Toggle<\/span><span class=\"ez-toc-icon-toggle-span\"><svg style=\"fill: #999;color:#999\" xmlns=\"http:\/\/www.w3.org\/2000\/svg\" class=\"list-377408\" width=\"20px\" height=\"20px\" viewBox=\"0 0 24 24\" fill=\"none\"><path d=\"M6 6H4v2h2V6zm14 0H8v2h12V6zM4 11h2v2H4v-2zm16 0H8v2h12v-2zM4 16h2v2H4v-2zm16 0H8v2h12v-2z\" fill=\"currentColor\"><\/path><\/svg><svg style=\"fill: #999;color:#999\" class=\"arrow-unsorted-368013\" xmlns=\"http:\/\/www.w3.org\/2000\/svg\" width=\"10px\" height=\"10px\" viewBox=\"0 0 24 24\" version=\"1.2\" baseProfile=\"tiny\"><path d=\"M18.2 9.3l-6.2-6.3-6.2 6.3c-.2.2-.3.4-.3.7s.1.5.3.7c.2.2.4.3.7.3h11c.3 0 .5-.1.7-.3.2-.2.3-.5.3-.7s-.1-.5-.3-.7zM5.8 14.7l6.2 6.3 6.2-6.3c.2-.2.3-.5.3-.7s-.1-.5-.3-.7c-.2-.2-.4-.3-.7-.3h-11c-.3 0-.5.1-.7.3-.2.2-.3.5-.3.7s.1.5.3.7z\"\/><\/svg><\/span><\/span><\/span><\/a><\/span><\/div>\n<nav><ul class='ez-toc-list ez-toc-list-level-1 ' ><li class='ez-toc-page-1 ez-toc-heading-level-2'><a class=\"ez-toc-link ez-toc-heading-1\" href=\"https:\/\/www.bodecall.com\/blog\/alquiler-de-grifos-de-cerveza\/#%C2%BFQue_es_la_cerveza_de_barril\" >\u00bfQu\u00e9 es la cerveza de barril?<\/a><\/li><li class='ez-toc-page-1 ez-toc-heading-level-2'><a class=\"ez-toc-link ez-toc-heading-2\" href=\"https:\/\/www.bodecall.com\/blog\/alquiler-de-grifos-de-cerveza\/#Cerveza_en_keg_y_cerveza_de_barrica\" >Cerveza en keg y cerveza de barrica<\/a><\/li><li class='ez-toc-page-1 ez-toc-heading-level-2'><a class=\"ez-toc-link ez-toc-heading-3\" href=\"https:\/\/www.bodecall.com\/blog\/alquiler-de-grifos-de-cerveza\/#Los_origenes_de_los_barriles_de_cerveza\" >Los or\u00edgenes de los barriles de cerveza<\/a><\/li><li class='ez-toc-page-1 ez-toc-heading-level-2'><a class=\"ez-toc-link ez-toc-heading-4\" href=\"https:\/\/www.bodecall.com\/blog\/alquiler-de-grifos-de-cerveza\/#Cerveza_embotellada_vs_cerveza_en_barril\" >Cerveza embotellada vs cerveza en barril<\/a><\/li><\/ul><\/nav><\/div>\n\n<p>Ofrecemos servicio de <strong>alquiler e instalaci\u00f3n de grifos de cerveza<\/strong>. Somos t\u00e9cnicos, hacemos<strong> reparaciones, mantenimiento y venta de equipos<\/strong> de tiradores de cerveza. Disponible para zona de M\u00e1laga y provincia.<\/p>\n<p>Tambi\u00e9n ofrecemos asesoramiento, tanto a brewpubs, como a cervecer\u00edas, pubs, hoteles, restaurantes y restauraci\u00f3n en general sobre el equipo cervecero que puedan necesitar los establecimientos de este tipo. Contacta con nosotros, estaremos encantados de ver qu\u00e9 podemos hacer por tu establecimiento.<a href=\"https:\/\/www.bodecall.com\/cerveza\/alquiler-de-grifos-de-cerveza-en-malaga\"> Entra aqu\u00ed si quieres saber m\u00e1s.<\/a>\u00a0<\/p>\n<p><a href=\"tel:+34 637885556\">Ll\u00e1manos al\u00a0+34 637885556<\/a> y te informamos sobre precios y condiciones.<\/p>\n<p>Como <strong>nos apasiona la cultura cervecera<\/strong>, queremos compartir un poco de historia de los grifos y barriles de cerveza \u00bfC\u00f3mo surgieron? \u00bfCu\u00e1l ha sido su trayectoria a lo largo de los siglos?<\/p>\n<h2><span class=\"ez-toc-section\" id=\"%C2%BFQue_es_la_cerveza_de_barril\"><\/span>\u00bfQu\u00e9 es la cerveza de barril?<span class=\"ez-toc-section-end\"><\/span><\/h2>\n<p>La cerveza de barril es la que<strong> se sirve directamente de un barril<\/strong>, tambi\u00e9n conocido como \u201ckeg\u201d, en lugar de una lata o una botella. En ocasiones se considera que posee una mayor calidad, ya que ni la luz del sol ni el ox\u00edgeno pueden penetrar en el barril.<\/p>\n<p>La cerveza de barril o keg es exactamente igual a la embotellada. La \u00fanica diferencia es <strong>la forma de almacenamiento<\/strong>. La cerveza del barril o de barrica se sirve a trav\u00e9s de un grifo de cerveza. Normalmente habr\u00e1 una peque\u00f1a diferencia entre la carbonataci\u00f3n de la cerveza de barrica y la de barril (keg).<\/p>\n<h2><span class=\"ez-toc-section\" id=\"Cerveza_en_keg_y_cerveza_de_barrica\"><\/span>Cerveza en keg y cerveza de barrica<span class=\"ez-toc-section-end\"><\/span><\/h2>\n<p>Lo curioso de estas dos cervezas es que se elaboran exactamente de la misma manera, pero la cerveza de barrica s\u00f3lo est\u00e1 parcialmente lista antes de entrar en el barril. <strong>Se produce una segunda fermentaci\u00f3n al entrar en contacto con el barril<\/strong>, ya que se le a\u00f1ade un poco de az\u00facar para que reaccione con la levadura.<\/p>\n<p>Un <a href=\"https:\/\/www.bodecall.com\/cerveza\/barriles\">barril\/keg<\/a> es m\u00e1s bien una<strong> lata gigante de cerveza<\/strong>, y la cerveza se filtra y se esteriliza antes de entrar en el barril para que est\u00e9 lista para beber. A este <strong>se le a\u00f1ade un grifo o tirador<\/strong> para servir la cerveza de forma c\u00f3moda y r\u00e1pida.<\/p>\n<p>\u00a0<\/p>\n<h2><span class=\"ez-toc-section\" id=\"Los_origenes_de_los_barriles_de_cerveza\"><\/span>Los or\u00edgenes de los barriles de cerveza<span class=\"ez-toc-section-end\"><\/span><\/h2>\n<p>En sus inicios la cerveza era servida en <strong>cuencos o recipientes<\/strong> compartidos. A lo largo de la historia, hemos conocido a trav\u00e9s de diferentes textos y documentos sobre la paulatina <strong>aparici\u00f3n de barriles<\/strong> o contenedores para transportar vino. La l\u00f3gica nos indica que la cerveza tambi\u00e9n era almacenada de esta forma, ya que su conservaci\u00f3n requer\u00eda alg\u00fan tipo de almacenamiento que la protegiese de la luz solar y la temperatura.<\/p>\n<p>Durante la<strong> Edad Media<\/strong>, los monjes comenzaron a producir cerveza en sus correspondientes abad\u00edas para consumo propio. De esta forma, el <strong>almacenamiento en barriles<\/strong> se convirti\u00f3 en una pr\u00e1ctica generalizada que permit\u00eda el abastecimiento de todo el monasterio durante un periodo de tiempo. M\u00e1s adelante, los monjes comenzaron a vender sus excedentes de cerveza, lo que supuso <strong>el comienzo de la comercializaci\u00f3n de cerveza<\/strong> en barril.<\/p>\n<h2><span class=\"ez-toc-section\" id=\"Cerveza_embotellada_vs_cerveza_en_barril\"><\/span>Cerveza embotellada vs cerveza en barril<span class=\"ez-toc-section-end\"><\/span><\/h2>\n<p>Durante muchos siglos, el barril fue la \u00fanica forma que exist\u00eda para<strong> transportar y almacenar la cerveza<\/strong>. Adem\u00e1s, tambi\u00e9n serv\u00eda para servirla en locales p\u00fablicos. En el siglo XVI se comenz\u00f3 a embotellar la cerveza. Sin embargo, debido al alto coste y a la mano de obra necesaria para el embotellado, <strong>solo los ricos sol\u00edan tener cerveza en botella<\/strong>. Lo m\u00e1s habitual era consumir cerveza en barriles en una cervecer\u00eda o taberna, o transportada a casa en cualquier recipiente disponible.<\/p>\n<p>La llegada del siglo XIX y de la Revoluci\u00f3n Industrial supuso el comienzo de<strong> la expansi\u00f3n de la cerveza embotellada<\/strong>. Los trabajadores de las f\u00e1bricas ya no ten\u00edan tiempo para ir a las tabernas y las cervecer\u00edas empezaron a embotellar sus cervezas de forma masiva. Es as\u00ed como comenzaron a<strong> coexistir los dos m\u00e9todos de almacenamiento<\/strong>.<\/p>\n","protected":false},"excerpt":{"rendered":"<p>Ofrecemos servicio de alquiler e instalaci\u00f3n de grifos de cerveza. Somos t\u00e9cnicos, hacemos reparaciones, mantenimiento y venta de equipos de<\/p>\n","protected":false},"author":1,"featured_media":4288,"parent":0,"menu_order":0,"comment_status":"closed","ping_status":"closed","template":"","meta":{"_acf_changed":false,"footnotes":""},"class_list":["post-4278","page","type-page","status-publish","has-post-thumbnail","hentry"],"acf":[],"yoast_head":"<!-- This site is optimized with the Yoast SEO plugin v26.8 - https:\/\/yoast.com\/product\/yoast-seo-wordpress\/ -->\n<title>Alquiler de grifos de cerveza | Bodecall<\/title>\n<meta name=\"description\" content=\"Servicio de alquiler y montaje de grifos de cerveza. Disponible para zona de M\u00e1laga y provincia.\u00a0Ll\u00e1manos al\u00a0+34 637885556 y te informamos.\" \/>\n<meta name=\"robots\" content=\"index, follow, max-snippet:-1, max-image-preview:large, max-video-preview:-1\" \/>\n<link rel=\"canonical\" href=\"https:\/\/www.bodecall.com\/blog\/alquiler-de-grifos-de-cerveza\/\" \/>\n<meta property=\"og:locale\" content=\"es_ES\" \/>\n<meta property=\"og:type\" content=\"article\" \/>\n<meta property=\"og:title\" content=\"Alquiler de grifos de cerveza | Bodecall\" \/>\n<meta property=\"og:description\" content=\"Servicio de alquiler y montaje de grifos de cerveza. Disponible para zona de M\u00e1laga y provincia.\u00a0Ll\u00e1manos al\u00a0+34 637885556 y te informamos.\" \/>\n<meta property=\"og:url\" content=\"https:\/\/www.bodecall.com\/blog\/alquiler-de-grifos-de-cerveza\/\" \/>\n<meta property=\"og:site_name\" content=\"Blog de cerveza artesana y de importaci\u00f3n\" \/>\n<meta property=\"article:modified_time\" content=\"2022-05-20T07:55:37+00:00\" \/>\n<meta property=\"og:image\" content=\"https:\/\/www.bodecall.com\/blog\/wp-content\/uploads\/2021\/11\/grifos-cerveza-bodecall-1.jpg\" \/>\n\t<meta property=\"og:image:width\" content=\"444\" \/>\n\t<meta property=\"og:image:height\" content=\"444\" \/>\n\t<meta property=\"og:image:type\" content=\"image\/jpeg\" \/>\n<meta name=\"twitter:card\" content=\"summary_large_image\" \/>\n<meta name=\"twitter:label1\" content=\"Tiempo de lectura\" \/>\n\t<meta name=\"twitter:data1\" content=\"3 minutos\" \/>\n<script type=\"application\/ld+json\" class=\"yoast-schema-graph\">{\"@context\":\"https:\/\/schema.org\",\"@graph\":[{\"@type\":\"WebPage\",\"@id\":\"https:\/\/www.bodecall.com\/blog\/alquiler-de-grifos-de-cerveza\/\",\"url\":\"https:\/\/www.bodecall.com\/blog\/alquiler-de-grifos-de-cerveza\/\",\"name\":\"Alquiler de grifos de cerveza | Bodecall\",\"isPartOf\":{\"@id\":\"https:\/\/www.bodecall.com\/blog\/#website\"},\"primaryImageOfPage\":{\"@id\":\"https:\/\/www.bodecall.com\/blog\/alquiler-de-grifos-de-cerveza\/#primaryimage\"},\"image\":{\"@id\":\"https:\/\/www.bodecall.com\/blog\/alquiler-de-grifos-de-cerveza\/#primaryimage\"},\"thumbnailUrl\":\"https:\/\/www.bodecall.com\/blog\/wp-content\/uploads\/2021\/11\/grifos-cerveza-bodecall-1.jpg\",\"datePublished\":\"2021-11-26T11:40:26+00:00\",\"dateModified\":\"2022-05-20T07:55:37+00:00\",\"description\":\"Servicio de alquiler y montaje de grifos de cerveza. Disponible para zona de M\u00e1laga y provincia.\u00a0Ll\u00e1manos al\u00a0+34 637885556 y te informamos.\",\"breadcrumb\":{\"@id\":\"https:\/\/www.bodecall.com\/blog\/alquiler-de-grifos-de-cerveza\/#breadcrumb\"},\"inLanguage\":\"es\",\"potentialAction\":[{\"@type\":\"ReadAction\",\"target\":[\"https:\/\/www.bodecall.com\/blog\/alquiler-de-grifos-de-cerveza\/\"]}]},{\"@type\":\"ImageObject\",\"inLanguage\":\"es\",\"@id\":\"https:\/\/www.bodecall.com\/blog\/alquiler-de-grifos-de-cerveza\/#primaryimage\",\"url\":\"https:\/\/www.bodecall.com\/blog\/wp-content\/uploads\/2021\/11\/grifos-cerveza-bodecall-1.jpg\",\"contentUrl\":\"https:\/\/www.bodecall.com\/blog\/wp-content\/uploads\/2021\/11\/grifos-cerveza-bodecall-1.jpg\",\"width\":444,\"height\":444,\"caption\":\"Instalaci\u00f3n de grifos de cerveza Bodecallblog\/alquiler-de-grifos-de-cerveza\/\"},{\"@type\":\"BreadcrumbList\",\"@id\":\"https:\/\/www.bodecall.com\/blog\/alquiler-de-grifos-de-cerveza\/#breadcrumb\",\"itemListElement\":[{\"@type\":\"ListItem\",\"position\":1,\"name\":\"Portada\",\"item\":\"https:\/\/www.bodecall.com\/blog\/\"},{\"@type\":\"ListItem\",\"position\":2,\"name\":\"Alquiler de grifos de cerveza\"}]},{\"@type\":\"WebSite\",\"@id\":\"https:\/\/www.bodecall.com\/blog\/#website\",\"url\":\"https:\/\/www.bodecall.com\/blog\/\",\"name\":\"Blog de cerveza artesana y de importaci\u00f3n\",\"description\":\"Explora el universo de la cerveza con noticias, novedades, curiosidades y gu\u00edas en el blog de cerveza de Bodecall\",\"publisher\":{\"@id\":\"https:\/\/www.bodecall.com\/blog\/#organization\"},\"potentialAction\":[{\"@type\":\"SearchAction\",\"target\":{\"@type\":\"EntryPoint\",\"urlTemplate\":\"https:\/\/www.bodecall.com\/blog\/?s={search_term_string}\"},\"query-input\":{\"@type\":\"PropertyValueSpecification\",\"valueRequired\":true,\"valueName\":\"search_term_string\"}}],\"inLanguage\":\"es\"},{\"@type\":\"Organization\",\"@id\":\"https:\/\/www.bodecall.com\/blog\/#organization\",\"name\":\"Blog de cerveza artesana y de importaci\u00f3n\",\"url\":\"https:\/\/www.bodecall.com\/blog\/\",\"logo\":{\"@type\":\"ImageObject\",\"inLanguage\":\"es\",\"@id\":\"https:\/\/www.bodecall.com\/blog\/#\/schema\/logo\/image\/\",\"url\":\"https:\/\/www.bodecall.com\/blog\/wp-content\/uploads\/2020\/11\/logo-bodecall-blog.jpg\",\"contentUrl\":\"https:\/\/www.bodecall.com\/blog\/wp-content\/uploads\/2020\/11\/logo-bodecall-blog.jpg\",\"width\":200,\"height\":53,\"caption\":\"Blog de cerveza artesana y de importaci\u00f3n\"},\"image\":{\"@id\":\"https:\/\/www.bodecall.com\/blog\/#\/schema\/logo\/image\/\"}}]}<\/script>\n<!-- \/ Yoast SEO plugin. -->","yoast_head_json":{"title":"Alquiler de grifos de cerveza | Bodecall","description":"Servicio de alquiler y montaje de grifos de cerveza. Disponible para zona de M\u00e1laga y provincia.\u00a0Ll\u00e1manos al\u00a0+34 637885556 y te informamos.","robots":{"index":"index","follow":"follow","max-snippet":"max-snippet:-1","max-image-preview":"max-image-preview:large","max-video-preview":"max-video-preview:-1"},"canonical":"https:\/\/www.bodecall.com\/blog\/alquiler-de-grifos-de-cerveza\/","og_locale":"es_ES","og_type":"article","og_title":"Alquiler de grifos de cerveza | Bodecall","og_description":"Servicio de alquiler y montaje de grifos de cerveza. Disponible para zona de M\u00e1laga y provincia.\u00a0Ll\u00e1manos al\u00a0+34 637885556 y te informamos.","og_url":"https:\/\/www.bodecall.com\/blog\/alquiler-de-grifos-de-cerveza\/","og_site_name":"Blog de cerveza artesana y de importaci\u00f3n","article_modified_time":"2022-05-20T07:55:37+00:00","og_image":[{"width":444,"height":444,"url":"https:\/\/www.bodecall.com\/blog\/wp-content\/uploads\/2021\/11\/grifos-cerveza-bodecall-1.jpg","type":"image\/jpeg"}],"twitter_card":"summary_large_image","twitter_misc":{"Tiempo de lectura":"3 minutos"},"schema":{"@context":"https:\/\/schema.org","@graph":[{"@type":"WebPage","@id":"https:\/\/www.bodecall.com\/blog\/alquiler-de-grifos-de-cerveza\/","url":"https:\/\/www.bodecall.com\/blog\/alquiler-de-grifos-de-cerveza\/","name":"Alquiler de grifos de cerveza | Bodecall","isPartOf":{"@id":"https:\/\/www.bodecall.com\/blog\/#website"},"primaryImageOfPage":{"@id":"https:\/\/www.bodecall.com\/blog\/alquiler-de-grifos-de-cerveza\/#primaryimage"},"image":{"@id":"https:\/\/www.bodecall.com\/blog\/alquiler-de-grifos-de-cerveza\/#primaryimage"},"thumbnailUrl":"https:\/\/www.bodecall.com\/blog\/wp-content\/uploads\/2021\/11\/grifos-cerveza-bodecall-1.jpg","datePublished":"2021-11-26T11:40:26+00:00","dateModified":"2022-05-20T07:55:37+00:00","description":"Servicio de alquiler y montaje de grifos de cerveza. Disponible para zona de M\u00e1laga y provincia.\u00a0Ll\u00e1manos al\u00a0+34 637885556 y te informamos.","breadcrumb":{"@id":"https:\/\/www.bodecall.com\/blog\/alquiler-de-grifos-de-cerveza\/#breadcrumb"},"inLanguage":"es","potentialAction":[{"@type":"ReadAction","target":["https:\/\/www.bodecall.com\/blog\/alquiler-de-grifos-de-cerveza\/"]}]},{"@type":"ImageObject","inLanguage":"es","@id":"https:\/\/www.bodecall.com\/blog\/alquiler-de-grifos-de-cerveza\/#primaryimage","url":"https:\/\/www.bodecall.com\/blog\/wp-content\/uploads\/2021\/11\/grifos-cerveza-bodecall-1.jpg","contentUrl":"https:\/\/www.bodecall.com\/blog\/wp-content\/uploads\/2021\/11\/grifos-cerveza-bodecall-1.jpg","width":444,"height":444,"caption":"Instalaci\u00f3n de grifos de cerveza Bodecallblog\/alquiler-de-grifos-de-cerveza\/"},{"@type":"BreadcrumbList","@id":"https:\/\/www.bodecall.com\/blog\/alquiler-de-grifos-de-cerveza\/#breadcrumb","itemListElement":[{"@type":"ListItem","position":1,"name":"Portada","item":"https:\/\/www.bodecall.com\/blog\/"},{"@type":"ListItem","position":2,"name":"Alquiler de grifos de cerveza"}]},{"@type":"WebSite","@id":"https:\/\/www.bodecall.com\/blog\/#website","url":"https:\/\/www.bodecall.com\/blog\/","name":"Blog de cerveza artesana y de importaci\u00f3n","description":"Explora el universo de la cerveza con noticias, novedades, curiosidades y gu\u00edas en el blog de cerveza de Bodecall","publisher":{"@id":"https:\/\/www.bodecall.com\/blog\/#organization"},"potentialAction":[{"@type":"SearchAction","target":{"@type":"EntryPoint","urlTemplate":"https:\/\/www.bodecall.com\/blog\/?s={search_term_string}"},"query-input":{"@type":"PropertyValueSpecification","valueRequired":true,"valueName":"search_term_string"}}],"inLanguage":"es"},{"@type":"Organization","@id":"https:\/\/www.bodecall.com\/blog\/#organization","name":"Blog de cerveza artesana y de importaci\u00f3n","url":"https:\/\/www.bodecall.com\/blog\/","logo":{"@type":"ImageObject","inLanguage":"es","@id":"https:\/\/www.bodecall.com\/blog\/#\/schema\/logo\/image\/","url":"https:\/\/www.bodecall.com\/blog\/wp-content\/uploads\/2020\/11\/logo-bodecall-blog.jpg","contentUrl":"https:\/\/www.bodecall.com\/blog\/wp-content\/uploads\/2020\/11\/logo-bodecall-blog.jpg","width":200,"height":53,"caption":"Blog de cerveza artesana y de importaci\u00f3n"},"image":{"@id":"https:\/\/www.bodecall.com\/blog\/#\/schema\/logo\/image\/"}}]}},"_links":{"self":[{"href":"https:\/\/www.bodecall.com\/blog\/wp-json\/wp\/v2\/pages\/4278","targetHints":{"allow":["GET"]}}],"collection":[{"href":"https:\/\/www.bodecall.com\/blog\/wp-json\/wp\/v2\/pages"}],"about":[{"href":"https:\/\/www.bodecall.com\/blog\/wp-json\/wp\/v2\/types\/page"}],"author":[{"embeddable":true,"href":"https:\/\/www.bodecall.com\/blog\/wp-json\/wp\/v2\/users\/1"}],"replies":[{"embeddable":true,"href":"https:\/\/www.bodecall.com\/blog\/wp-json\/wp\/v2\/comments?post=4278"}],"version-history":[{"count":18,"href":"https:\/\/www.bodecall.com\/blog\/wp-json\/wp\/v2\/pages\/4278\/revisions"}],"predecessor-version":[{"id":4946,"href":"https:\/\/www.bodecall.com\/blog\/wp-json\/wp\/v2\/pages\/4278\/revisions\/4946"}],"wp:featuredmedia":[{"embeddable":true,"href":"https:\/\/www.bodecall.com\/blog\/wp-json\/wp\/v2\/media\/4288"}],"wp:attachment":[{"href":"https:\/\/www.bodecall.com\/blog\/wp-json\/wp\/v2\/media?parent=4278"}],"curies":[{"name":"wp","href":"https:\/\/api.w.org\/{rel}","templated":true}]}}